{"id":266,"date":"2015-04-10T22:54:16","date_gmt":"2015-04-10T18:54:16","guid":{"rendered":"https:\/\/questhunter.hu\/?page_id=266"},"modified":"2015-04-10T22:54:16","modified_gmt":"2015-04-10T18:54:16","slug":"gift-card","status":"publish","type":"page","link":"https:\/\/questhunter.co.uk\/online\/de\/gift-card\/","title":{"rendered":"Gift voucher"},"content":{"rendered":"<p class=\"qtranxs-available-languages-message qtranxs-available-languages-message-de\">Leider ist der Eintrag nur auf <a href=\"https:\/\/questhunter.co.uk\/online\/en\/wp-json\/wp\/v2\/pages\/266\/\" class=\"qtranxs-available-language-link qtranxs-available-language-link-en\" title=\"English\">English<\/a> verf\u00fcgbar. Der Inhalt wird unten in einer verf\u00fcgbaren Sprache angezeigt. Klicken Sie auf den Link, um die aktuelle Sprache zu \u00e4ndern.<\/p><p>Want to offer an escape room experience as a present but worried about choosing the right one?<\/p>\n<p>In this case, you can purchase a QuestHunter gift voucher which is valid for any of the <a href=\"\/manchester\/all-escape-rooms-of-manchester\/\"><strong>escape rooms in Manchester<\/strong><\/a> at any time (certificates have different denominations)!<\/p>\n<p>&lt;!&#8211;<\/p>\n<h2 style=\"text-align: center\">Special Easter edition available<\/h2>\n<h2 align=\"centre\"><a href=\"\/en\/purchase-gift-card\/\"><strong>HERE<\/strong><img decoding=\"async\" class=\"alignnone size-medium wp-image-2728\" src=\"https:\/\/questhunter.hu\/wp-content\/uploads\/sites\/4\/2019\/03\/rabbit-149x300.png\" alt=\"Easter bunny\" width=\"149\" height=\"300\" \/><\/a><\/h2>\n<p>&#8211;&gt;<\/p>\n<p><img decoding=\"async\" class=\"aligncenter size-thumbnail wp-image-272\" src=\"https:\/\/questhunter.hu\/wp-content\/uploads\/2015\/04\/doiDvdZfNK4-300x300.jpg\" alt=\"Classic gift card\" width=\"300\" height=\"300\" \/> \u00a0 <img decoding=\"async\" class=\"aligncenter size-thumbnail wp-image-273\" src=\"https:\/\/questhunter.hu\/wp-content\/uploads\/2015\/04\/FY9hjcsX7O8-300x300.jpg\" alt=\"Classic gift card\" width=\"300\" height=\"300\" \/><\/p>\n<p>&nbsp;<\/p>\n<table width=\"100%\">\n<tbody>\n<tr>\n<td width=\"10%\"><\/td>\n<td>\n<h2>CLASSIC GIFT CARDS<\/h2>\n<h2>\u00a0from <strong><span class=\"ILfuVd\"><span class=\"e24Kjd\">\u00a3<\/span><\/span>20<\/strong><\/h2>\n<p align=\"centre\"><strong>valid for ONE escape room game<br \/>\n<\/strong><\/p>\n<p>valid for one game in any escape room on the platform.<\/p>\n<p>If you want to increase the number of team members and you are happy to pay extra, you can settle this during a booking process and pay on your arrival.<\/td>\n<td width=\"5%\"><\/td>\n<td>\n<h2>Electronic GIFT CARDS<\/h2>\n<h2>from <strong><span class=\"ILfuVd\"><span class=\"e24Kjd\">\u00a3<\/span><\/span>20 <\/strong>to <strong><span class=\"ILfuVd\"><span class=\"e24Kjd\">\u00a3<\/span><\/span>500<br \/>\n<\/strong><\/h2>\n<p><strong>Choose denomination yourself<\/strong><\/p>\n<p>valid for any escape room at QuestHunter priced up to denomination value.<\/p>\n<p>You can choose the denomination of the gift card yourself, pay online and get it in few minutes.<\/p>\n<h2 style=\"text-align: center\" align=\"centre\"><a href=\"\/manchester\/purchase-gift-card\/\"><strong>BUY NOW<\/strong><\/a><\/h2>\n<\/td>\n<td width=\"5%\"><\/td>\n<td>\n<h2>CLASSIC GIFT CARDS<\/h2>\n<h2>up to <strong><span class=\"ILfuVd\"><span class=\"e24Kjd\">\u00a3<\/span><\/span>500<br \/>\n<\/strong><\/h2>\n<p align=\"centre\"><strong>valid for few escape room games<br \/>\n<\/strong><\/p>\n<p>valid for few games in any escape room on our platform.<\/p>\n<p>If you want to increase the number of team members and you are happy to pay extra, you can settle this during a booking process and pay on your arrival.<\/p>\n<p style=\"text-align: center\" align=\"centre\">\n<\/td>\n<td width=\"10%\"><\/td>\n<\/tr>\n<\/tbody>\n<\/table>\n<h2>WHERE TO BUY OUR GIFT VOUCHERS<\/h2>\n<p><strong>Upon prior confirmation via email or phone<\/strong>, customers can also collect pre-paid gift cards at our partners\u2019 offices at the following address:<\/p>\n<h3>If you want to become a partner and hold our gift cards please contact us<\/h3>\n<p>All our gift cards are <strong>valid for 6 months<\/strong><\/p>\n<p>Place an order by phone call <a href=\"tel:+441613942366\"><strong>+44 161 394 2366<\/strong><\/a> or via e-mail <strong>support-manch@questhunter.co.uk<\/strong><\/p>","protected":false},"excerpt":{"rendered":"<p>Leider ist der Eintrag nur auf English verf\u00fcgbar. Der Inhalt wird unten in einer verf\u00fcgbaren Sprache angezeigt. Klicken Sie auf den Link, um die aktuelle Sprache zu \u00e4ndern.Want to offer an escape room experience as a present but worried about choosing the right one? In this case, you can purchase a QuestHunter gift voucher which [&hellip;]<\/p>\n","protected":false},"author":50,"featured_media":0,"parent":0,"menu_order":7,"comment_status":"open","ping_status":"open","template":"template-gift-certificate.php","meta":{"footnotes":""},"class_list":["post-266","page","type-page","status-publish","hentry"],"_links":{"self":[{"href":"https:\/\/questhunter.co.uk\/online\/de\/wp-json\/wp\/v2\/pages\/266","targetHints":{"allow":["GET"]}}],"collection":[{"href":"https:\/\/questhunter.co.uk\/online\/de\/wp-json\/wp\/v2\/pages"}],"about":[{"href":"https:\/\/questhunter.co.uk\/online\/de\/wp-json\/wp\/v2\/types\/page"}],"author":[{"embeddable":true,"href":"https:\/\/questhunter.co.uk\/online\/de\/wp-json\/wp\/v2\/users\/50"}],"replies":[{"embeddable":true,"href":"https:\/\/questhunter.co.uk\/online\/de\/wp-json\/wp\/v2\/comments?post=266"}],"version-history":[{"count":0,"href":"https:\/\/questhunter.co.uk\/online\/de\/wp-json\/wp\/v2\/pages\/266\/revisions"}],"wp:attachment":[{"href":"https:\/\/questhunter.co.uk\/online\/de\/wp-json\/wp\/v2\/media?parent=266"}],"curies":[{"name":"wp","href":"https:\/\/api.w.org\/{rel}","templated":true}]}}