{"id":2445,"date":"2018-07-11T12:40:18","date_gmt":"2018-07-11T10:40:18","guid":{"rendered":"https:\/\/questhunter.hu\/?page_id=2261"},"modified":"2018-07-11T12:40:18","modified_gmt":"2018-07-11T10:40:18","slug":"quest-map","status":"publish","type":"page","link":"https:\/\/questhunter.co.uk\/online\/de\/quest-map\/","title":{"rendered":"Map of escape rooms"},"content":{"rendered":"<p class=\"qtranxs-available-languages-message qtranxs-available-languages-message-de\">Leider ist der Eintrag nur auf <a href=\"https:\/\/questhunter.co.uk\/online\/en\/wp-json\/wp\/v2\/pages\/2445\/\" class=\"qtranxs-available-language-link qtranxs-available-language-link-en\" title=\"English\">English<\/a> verf\u00fcgbar. Der Inhalt wird unten in einer verf\u00fcgbaren Sprache angezeigt. Klicken Sie auf den Link, um die aktuelle Sprache zu \u00e4ndern.<\/p><p>All Manchester escape rooms locations on the map<\/p>","protected":false},"excerpt":{"rendered":"<p>Leider ist der Eintrag nur auf English verf\u00fcgbar. Der Inhalt wird unten in einer verf\u00fcgbaren Sprache angezeigt. Klicken Sie auf den Link, um die aktuelle Sprache zu \u00e4ndern.All Manchester escape rooms locations on the map<\/p>\n","protected":false},"author":50,"featured_media":0,"parent":0,"menu_order":0,"comment_status":"closed","ping_status":"closed","template":"template-quest-map.php","meta":{"footnotes":""},"class_list":["post-2445","page","type-page","status-publish","hentry"],"_links":{"self":[{"href":"https:\/\/questhunter.co.uk\/online\/de\/wp-json\/wp\/v2\/pages\/2445","targetHints":{"allow":["GET"]}}],"collection":[{"href":"https:\/\/questhunter.co.uk\/online\/de\/wp-json\/wp\/v2\/pages"}],"about":[{"href":"https:\/\/questhunter.co.uk\/online\/de\/wp-json\/wp\/v2\/types\/page"}],"author":[{"embeddable":true,"href":"https:\/\/questhunter.co.uk\/online\/de\/wp-json\/wp\/v2\/users\/50"}],"replies":[{"embeddable":true,"href":"https:\/\/questhunter.co.uk\/online\/de\/wp-json\/wp\/v2\/comments?post=2445"}],"version-history":[{"count":0,"href":"https:\/\/questhunter.co.uk\/online\/de\/wp-json\/wp\/v2\/pages\/2445\/revisions"}],"wp:attachment":[{"href":"https:\/\/questhunter.co.uk\/online\/de\/wp-json\/wp\/v2\/media?parent=2445"}],"curies":[{"name":"wp","href":"https:\/\/api.w.org\/{rel}","templated":true}]}}