{"id":2444,"date":"2015-02-10T12:29:48","date_gmt":"2015-02-10T12:29:48","guid":{"rendered":"http:\/\/www.questhunter.hu\/?page_id=5"},"modified":"2021-03-08T14:26:29","modified_gmt":"2021-03-08T14:26:29","slug":"all-online-escape-rooms","status":"publish","type":"page","link":"https:\/\/questhunter.co.uk\/online\/de\/all-online-escape-rooms\/","title":{"rendered":"All Escape rooms"},"content":{"rendered":"<p class=\"qtranxs-available-languages-message qtranxs-available-languages-message-de\">Leider ist der Eintrag nur auf <a href=\"https:\/\/questhunter.co.uk\/online\/en\/wp-json\/wp\/v2\/pages\/2444\/\" class=\"qtranxs-available-language-link qtranxs-available-language-link-en\" title=\"English\">English<\/a> verf\u00fcgbar. Der Inhalt wird unten in einer verf\u00fcgbaren Sprache angezeigt. Klicken Sie auf den Link, um die aktuelle Sprache zu \u00e4ndern.<\/p><p>This type of the adventure game has gained a lot of popularity all around the word (and particularly in Manchester). It is based on the computer quests but re-created in the physical world.<\/p>\n<p>Typically the goal of the game is to escape from a closed room in 1 hour while solving various puzzles. The puzzles and the whole set-up of a game differ dramatically from one escape room to another and depend on the creativity of the quest creators.<\/p>\n<p>The number of team players varies, but on average it ranges from 2 to 8 people.<\/p>","protected":false},"excerpt":{"rendered":"<p>Leider ist der Eintrag nur auf English verf\u00fcgbar. Der Inhalt wird unten in einer verf\u00fcgbaren Sprache angezeigt. Klicken Sie auf den Link, um die aktuelle Sprache zu \u00e4ndern.This type of the adventure game has gained a lot of popularity all around the word (and particularly in Manchester). It is based on the computer quests but [&hellip;]<\/p>\n","protected":false},"author":50,"featured_media":0,"parent":0,"menu_order":15,"comment_status":"open","ping_status":"open","template":"template-all-quests.php","meta":{"footnotes":""},"class_list":["post-2444","page","type-page","status-publish","hentry"],"_links":{"self":[{"href":"https:\/\/questhunter.co.uk\/online\/de\/wp-json\/wp\/v2\/pages\/2444","targetHints":{"allow":["GET"]}}],"collection":[{"href":"https:\/\/questhunter.co.uk\/online\/de\/wp-json\/wp\/v2\/pages"}],"about":[{"href":"https:\/\/questhunter.co.uk\/online\/de\/wp-json\/wp\/v2\/types\/page"}],"author":[{"embeddable":true,"href":"https:\/\/questhunter.co.uk\/online\/de\/wp-json\/wp\/v2\/users\/50"}],"replies":[{"embeddable":true,"href":"https:\/\/questhunter.co.uk\/online\/de\/wp-json\/wp\/v2\/comments?post=2444"}],"version-history":[{"count":0,"href":"https:\/\/questhunter.co.uk\/online\/de\/wp-json\/wp\/v2\/pages\/2444\/revisions"}],"wp:attachment":[{"href":"https:\/\/questhunter.co.uk\/online\/de\/wp-json\/wp\/v2\/media?parent=2444"}],"curies":[{"name":"wp","href":"https:\/\/api.w.org\/{rel}","templated":true}]}}